{"id":23,"date":"2022-11-30T11:12:58","date_gmt":"2022-11-30T10:12:58","guid":{"rendered":"https:\/\/browarbaltow.pl\/blog\/?page_id=23"},"modified":"2026-03-31T11:59:55","modified_gmt":"2026-03-31T09:59:55","slug":"kontakt","status":"publish","type":"page","link":"https:\/\/browarbaltow.pl\/blog\/kontakt\/","title":{"rendered":"Kontakt"},"content":{"rendered":"\t\t<div data-elementor-type=\"wp-page\" data-elementor-id=\"23\" class=\"elementor elementor-23\" data-elementor-post-type=\"page\">\n\t\t\t\t\t\t<section class=\"elementor-section elementor-top-section elementor-element elementor-element-c697f2b elementor-section-boxed elementor-section-height-default elementor-section-height-default\" data-id=\"c697f2b\" data-element_type=\"section\" data-e-type=\"section\" data-settings=\"{&quot;background_background&quot;:&quot;classic&quot;,&quot;shape_divider_bottom&quot;:&quot;tilt&quot;}\">\n\t\t\t\t\t<div class=\"elementor-shape elementor-shape-bottom\" aria-hidden=\"true\" data-negative=\"false\">\n\t\t\t<svg xmlns=\"http:\/\/www.w3.org\/2000\/svg\" viewBox=\"0 0 1000 100\" preserveAspectRatio=\"none\">\n\t<path class=\"elementor-shape-fill\" d=\"M0,6V0h1000v100L0,6z\"\/>\n<\/svg>\t\t<\/div>\n\t\t\t\t\t<div class=\"elementor-container elementor-column-gap-default\">\n\t\t\t\t\t<div class=\"elementor-column elementor-col-100 elementor-top-column elementor-element elementor-element-fc6d723\" data-id=\"fc6d723\" data-element_type=\"column\" data-e-type=\"column\">\n\t\t\t<div class=\"elementor-widget-wrap elementor-element-populated\">\n\t\t\t\t\t\t<section class=\"elementor-section elementor-inner-section elementor-element elementor-element-6758e52 elementor-reverse-tablet elementor-reverse-mobile elementor-section-boxed elementor-section-height-default elementor-section-height-default\" data-id=\"6758e52\" data-element_type=\"section\" data-e-type=\"section\">\n\t\t\t\t\t\t<div class=\"elementor-container elementor-column-gap-default\">\n\t\t\t\t\t<div class=\"elementor-column elementor-col-50 elementor-inner-column elementor-element elementor-element-669b52e elementor-invisible\" data-id=\"669b52e\" data-element_type=\"column\" data-e-type=\"column\" data-settings=\"{&quot;animation&quot;:&quot;fadeInLeft&quot;}\">\n\t\t\t<div class=\"elementor-widget-wrap elementor-element-populated\">\n\t\t\t\t\t\t<div class=\"elementor-element elementor-element-9d31730 elementor-widget elementor-widget-heading\" data-id=\"9d31730\" data-element_type=\"widget\" data-e-type=\"widget\" data-widget_type=\"heading.default\">\n\t\t\t\t<div class=\"elementor-widget-container\">\n\t\t\t\t\t<h1 class=\"elementor-heading-title elementor-size-default\">PIERWSZY<br><b>BROWAR TEMATYCZNY<\/b><br>W POLSCE<\/h1>\t\t\t\t<\/div>\n\t\t\t\t<\/div>\n\t\t\t\t<div class=\"elementor-element elementor-element-361a291 elementor-widget elementor-widget-text-editor\" data-id=\"361a291\" data-element_type=\"widget\" data-e-type=\"widget\" data-widget_type=\"text-editor.default\">\n\t\t\t\t<div class=\"elementor-widget-container\">\n\t\t\t\t\t\t\t\t\t<p>Chcesz aby Browar Ba\u0142t\u00f3w cieszy\u0142 r\u00f3wnie\u017c Twoich klient\u00f3w? Napisz do nas lub zadzwo\u0144. Z przyjemno\u015bci\u0105 opowiemy Ci o naszym browarze i om\u00f3wimy mo\u017cliwo\u015bci dystrybucji.<\/p>\t\t\t\t\t\t\t\t<\/div>\n\t\t\t\t<\/div>\n\t\t\t\t<div class=\"elementor-element elementor-element-b39090d elementor-widget elementor-widget-text-editor\" data-id=\"b39090d\" data-element_type=\"widget\" data-e-type=\"widget\" data-widget_type=\"text-editor.default\">\n\t\t\t\t<div class=\"elementor-widget-container\">\n\t\t\t\t\t\t\t\t\t<p>\u0141\u0105czymy niepowtarzalno\u015b\u0107 piwa regionalnego z ch\u0119ci\u0105 opowiedzenia historii miejsca z kt\u00f3rego si\u0119 wywodzimy. Stawiamy na kanon czyli pils, lager, pszeniczne i APA. Nowo\u015bci\u0105 jest owsiany stout, a unikalnym na skal\u0119 naszego kraju piwo miodowo &#8211; propolisowe.<\/p>\t\t\t\t\t\t\t\t<\/div>\n\t\t\t\t<\/div>\n\t\t\t\t<div class=\"elementor-element elementor-element-c16b1be elementor-widget elementor-widget-image\" data-id=\"c16b1be\" data-element_type=\"widget\" data-e-type=\"widget\" data-widget_type=\"image.default\">\n\t\t\t\t<div class=\"elementor-widget-container\">\n\t\t\t\t\t\t\t\t\t\t\t\t\t\t\t\t<a href=\"https:\/\/www.storytel.com\/pl\/pl\/c\/baltow\" target=\"_blank\" rel=\"nofollow\">\n\t\t\t\t\t\t\t<img fetchpriority=\"high\" decoding=\"async\" width=\"342\" height=\"237\" src=\"https:\/\/browarbaltow.pl\/blog\/wp-content\/uploads\/2022\/11\/storytel.png\" class=\"attachment-large size-large wp-image-56\" alt=\"\" srcset=\"https:\/\/browarbaltow.pl\/blog\/wp-content\/uploads\/2022\/11\/storytel.png.webp 342w, https:\/\/browarbaltow.pl\/blog\/wp-content\/uploads\/2022\/11\/storytel-300x208.png 300w\" sizes=\"(max-width: 342px) 100vw, 342px\" \/>\t\t\t\t\t\t\t\t<\/a>\n\t\t\t\t\t\t\t\t\t\t\t\t\t\t\t<\/div>\n\t\t\t\t<\/div>\n\t\t\t\t\t<\/div>\n\t\t<\/div>\n\t\t\t\t<div class=\"elementor-column elementor-col-50 elementor-inner-column elementor-element elementor-element-2ef4c67 elementor-invisible\" data-id=\"2ef4c67\" data-element_type=\"column\" data-e-type=\"column\" data-settings=\"{&quot;animation&quot;:&quot;fadeInRight&quot;}\">\n\t\t\t<div class=\"elementor-widget-wrap elementor-element-populated\">\n\t\t\t\t\t\t<div class=\"elementor-element elementor-element-86ce1cb elementor-widget elementor-widget-image\" data-id=\"86ce1cb\" data-element_type=\"widget\" data-e-type=\"widget\" data-widget_type=\"image.default\">\n\t\t\t\t<div class=\"elementor-widget-container\">\n\t\t\t\t\t\t\t\t\t\t\t\t\t\t\t<img decoding=\"async\" width=\"947\" height=\"812\" src=\"https:\/\/browarbaltow.pl\/blog\/wp-content\/uploads\/2022\/11\/butelki.png\" class=\"attachment-large size-large wp-image-34\" alt=\"Browar-Baltow\" srcset=\"https:\/\/browarbaltow.pl\/blog\/wp-content\/uploads\/2022\/11\/butelki.png.webp 947w, https:\/\/browarbaltow.pl\/blog\/wp-content\/uploads\/2022\/11\/butelki-300x257.png.webp 300w, https:\/\/browarbaltow.pl\/blog\/wp-content\/uploads\/2022\/11\/butelki-768x659.png.webp 768w\" sizes=\"(max-width: 947px) 100vw, 947px\" \/>\t\t\t\t\t\t\t\t\t\t\t\t\t\t\t<\/div>\n\t\t\t\t<\/div>\n\t\t\t\t\t<\/div>\n\t\t<\/div>\n\t\t\t\t\t<\/div>\n\t\t<\/section>\n\t\t\t\t\t<\/div>\n\t\t<\/div>\n\t\t\t\t\t<\/div>\n\t\t<\/section>\n\t\t\t\t<section class=\"elementor-section elementor-top-section elementor-element elementor-element-69aee90 elementor-section-boxed elementor-section-height-default elementor-section-height-default\" data-id=\"69aee90\" data-element_type=\"section\" data-e-type=\"section\" data-settings=\"{&quot;background_background&quot;:&quot;classic&quot;,&quot;animation&quot;:&quot;none&quot;}\">\n\t\t\t\t\t\t<div class=\"elementor-container elementor-column-gap-default\">\n\t\t\t\t\t<div class=\"elementor-column elementor-col-50 elementor-top-column elementor-element elementor-element-fd9a61b elementor-invisible\" data-id=\"fd9a61b\" data-element_type=\"column\" data-e-type=\"column\" data-settings=\"{&quot;animation&quot;:&quot;fadeInUp&quot;}\">\n\t\t\t<div class=\"elementor-widget-wrap elementor-element-populated\">\n\t\t\t\t\t\t<div class=\"elementor-element elementor-element-efb8840 elementor-widget elementor-widget-heading\" data-id=\"efb8840\" data-element_type=\"widget\" data-e-type=\"widget\" data-widget_type=\"heading.default\">\n\t\t\t\t<div class=\"elementor-widget-container\">\n\t\t\t\t\t<h2 class=\"elementor-heading-title elementor-size-default\">FORMULARZ <b>KONTAKTOWY<\/b><\/h2>\t\t\t\t<\/div>\n\t\t\t\t<\/div>\n\t\t\t\t<div class=\"elementor-element elementor-element-c6a6a71 elementor-widget elementor-widget-html\" data-id=\"c6a6a71\" data-element_type=\"widget\" data-e-type=\"widget\" data-widget_type=\"html.default\">\n\t\t\t\t<div class=\"elementor-widget-container\">\n\t\t\t\t\t<script data-b24-form=\"inline\/100\/o3x2mb\" data-skip-moving=\"true\">\r\n(function(w,d,u){\r\nvar s=d.createElement('script');s.async=true;s.src=u+'?'+(Date.now()\/180000|0);\r\nvar h=d.getElementsByTagName('script')[0];h.parentNode.insertBefore(s,h);\r\n})(window,document,'https:\/\/cdn.bitrix24.pl\/b18930877\/crm\/form\/loader_100.js');\r\n<\/script>\t\t\t\t<\/div>\n\t\t\t\t<\/div>\n\t\t\t\t\t<\/div>\n\t\t<\/div>\n\t\t\t\t<div class=\"elementor-column elementor-col-50 elementor-top-column elementor-element elementor-element-8f17160 elementor-invisible\" data-id=\"8f17160\" data-element_type=\"column\" data-e-type=\"column\" data-settings=\"{&quot;animation&quot;:&quot;fadeInUp&quot;}\">\n\t\t\t<div class=\"elementor-widget-wrap elementor-element-populated\">\n\t\t\t\t\t\t<div class=\"elementor-element elementor-element-7599b29 elementor-widget elementor-widget-heading\" data-id=\"7599b29\" data-element_type=\"widget\" data-e-type=\"widget\" data-widget_type=\"heading.default\">\n\t\t\t\t<div class=\"elementor-widget-container\">\n\t\t\t\t\t<h2 class=\"elementor-heading-title elementor-size-default\">KONTAKT<\/h2>\t\t\t\t<\/div>\n\t\t\t\t<\/div>\n\t\t\t\t<div class=\"elementor-element elementor-element-5ad7208 elementor-widget elementor-widget-text-editor\" data-id=\"5ad7208\" data-element_type=\"widget\" data-e-type=\"widget\" data-widget_type=\"text-editor.default\">\n\t\t\t\t<div class=\"elementor-widget-container\">\n\t\t\t\t\t\t\t\t\t<p>Czes\u0142aw Paj\u0105k<br \/>Kierownik Sprzeda\u017cy<br \/>tel.\u00a0506 966 436<br \/><span style=\"color: #fbed6b;\"><a style=\"color: #fbed6b;\" href=\"mailto:czeslaw@browarbaltow.pl\">czeslaw@browarbaltow.pl<\/a><\/span><\/p>\t\t\t\t\t\t\t\t<\/div>\n\t\t\t\t<\/div>\n\t\t\t\t<div class=\"elementor-element elementor-element-80cf7c3 elementor-widget elementor-widget-text-editor\" data-id=\"80cf7c3\" data-element_type=\"widget\" data-e-type=\"widget\" data-widget_type=\"text-editor.default\">\n\t\t\t\t<div class=\"elementor-widget-container\">\n\t\t\t\t\t\t\t\t\t<p><strong>Masz ciekawe pomys\u0142y na wsp\u00f3\u0142prac\u0119? Uwielbiamy odwa\u017cne inicjatywy.<\/strong><br \/>Skontaktuj si\u0119 z naszym Dzia\u0142em Marketingu.<br \/>Monika P\u0119kala\u00a0519 346 150,\u00a0<span style=\"color: #fbed6b;\">monika@browa<a style=\"color: #fbed6b;\" href=\"mailto:monika@browarbaltow.pl\">rbaltow.pl<\/a><\/span><\/p>\t\t\t\t\t\t\t\t<\/div>\n\t\t\t\t<\/div>\n\t\t\t\t\t<\/div>\n\t\t<\/div>\n\t\t\t\t\t<\/div>\n\t\t<\/section>\n\t\t\t\t<\/div>\n\t\t","protected":false},"excerpt":{"rendered":"<p>PIERWSZYBROWAR TEMATYCZNYW POLSCE Chcesz aby Browar Ba\u0142t\u00f3w cieszy\u0142 r\u00f3wnie\u017c Twoich klient\u00f3w? Napisz do nas lub zadzwo\u0144. Z przyjemno\u015bci\u0105 opowiemy Ci o naszym browarze i om\u00f3wimy mo\u017cliwo\u015bci dystrybucji. \u0141\u0105czymy niepowtarzalno\u015b\u0107 piwa regionalnego z ch\u0119ci\u0105 opowiedzenia historii miejsca z kt\u00f3rego si\u0119 wywodzimy. Stawiamy na kanon czyli pils, lager, pszeniczne i APA. Nowo\u015bci\u0105 jest owsiany stout, a unikalnym&#8230;<\/p>\n","protected":false},"author":1,"featured_media":0,"parent":0,"menu_order":0,"comment_status":"closed","ping_status":"closed","template":"elementor_header_footer","meta":{"_kad_post_transparent":"","_kad_post_title":"hide","_kad_post_layout":"fullwidth","_kad_post_sidebar_id":"","_kad_post_content_style":"unboxed","_kad_post_vertical_padding":"hide","_kad_post_feature":"hide","_kad_post_feature_position":"","_kad_post_header":false,"_kad_post_footer":false,"_kad_post_classname":"","footnotes":""},"class_list":["post-23","page","type-page","status-publish","hentry"],"yoast_head":"<!-- This site is optimized with the Yoast SEO plugin v27.3 - https:\/\/yoast.com\/product\/yoast-seo-wordpress\/ -->\n<title>Kontakt - Browar Ba\u0142t\u00f3w Blog<\/title>\n<meta name=\"robots\" content=\"index, follow, max-snippet:-1, max-image-preview:large, max-video-preview:-1\" \/>\n<link rel=\"canonical\" href=\"https:\/\/browarbaltow.pl\/blog\/kontakt\/\" \/>\n<meta property=\"og:locale\" content=\"pl_PL\" \/>\n<meta property=\"og:type\" content=\"article\" \/>\n<meta property=\"og:title\" content=\"Kontakt - Browar Ba\u0142t\u00f3w Blog\" \/>\n<meta property=\"og:description\" content=\"PIERWSZYBROWAR TEMATYCZNYW POLSCE Chcesz aby Browar Ba\u0142t\u00f3w cieszy\u0142 r\u00f3wnie\u017c Twoich klient\u00f3w? Napisz do nas lub zadzwo\u0144. Z przyjemno\u015bci\u0105 opowiemy Ci o naszym browarze i om\u00f3wimy mo\u017cliwo\u015bci dystrybucji. \u0141\u0105czymy niepowtarzalno\u015b\u0107 piwa regionalnego z ch\u0119ci\u0105 opowiedzenia historii miejsca z kt\u00f3rego si\u0119 wywodzimy. Stawiamy na kanon czyli pils, lager, pszeniczne i APA. Nowo\u015bci\u0105 jest owsiany stout, a unikalnym...\" \/>\n<meta property=\"og:url\" content=\"https:\/\/browarbaltow.pl\/blog\/kontakt\/\" \/>\n<meta property=\"og:site_name\" content=\"Browar Ba\u0142t\u00f3w Blog\" \/>\n<meta property=\"article:modified_time\" content=\"2026-03-31T09:59:55+00:00\" \/>\n<meta property=\"og:image\" content=\"https:\/\/browarbaltow.pl\/blog\/wp-content\/uploads\/2022\/11\/storytel.png\" \/>\n\t<meta property=\"og:image:width\" content=\"342\" \/>\n\t<meta property=\"og:image:height\" content=\"237\" \/>\n\t<meta property=\"og:image:type\" content=\"image\/png\" \/>\n<meta name=\"twitter:card\" content=\"summary_large_image\" \/>\n<meta name=\"twitter:label1\" content=\"Szacowany czas czytania\" \/>\n\t<meta name=\"twitter:data1\" content=\"2 minuty\" \/>\n<script type=\"application\/ld+json\" class=\"yoast-schema-graph\">{\"@context\":\"https:\\\/\\\/schema.org\",\"@graph\":[{\"@type\":\"WebPage\",\"@id\":\"https:\\\/\\\/browarbaltow.pl\\\/blog\\\/kontakt\\\/\",\"url\":\"https:\\\/\\\/browarbaltow.pl\\\/blog\\\/kontakt\\\/\",\"name\":\"Kontakt - Browar Ba\u0142t\u00f3w Blog\",\"isPartOf\":{\"@id\":\"https:\\\/\\\/browarbaltow.pl\\\/blog\\\/#website\"},\"primaryImageOfPage\":{\"@id\":\"https:\\\/\\\/browarbaltow.pl\\\/blog\\\/kontakt\\\/#primaryimage\"},\"image\":{\"@id\":\"https:\\\/\\\/browarbaltow.pl\\\/blog\\\/kontakt\\\/#primaryimage\"},\"thumbnailUrl\":\"https:\\\/\\\/browarbaltow.pl\\\/blog\\\/wp-content\\\/uploads\\\/2022\\\/11\\\/storytel.png\",\"datePublished\":\"2022-11-30T10:12:58+00:00\",\"dateModified\":\"2026-03-31T09:59:55+00:00\",\"breadcrumb\":{\"@id\":\"https:\\\/\\\/browarbaltow.pl\\\/blog\\\/kontakt\\\/#breadcrumb\"},\"inLanguage\":\"pl-PL\",\"potentialAction\":[{\"@type\":\"ReadAction\",\"target\":[\"https:\\\/\\\/browarbaltow.pl\\\/blog\\\/kontakt\\\/\"]}]},{\"@type\":\"ImageObject\",\"inLanguage\":\"pl-PL\",\"@id\":\"https:\\\/\\\/browarbaltow.pl\\\/blog\\\/kontakt\\\/#primaryimage\",\"url\":\"https:\\\/\\\/browarbaltow.pl\\\/blog\\\/wp-content\\\/uploads\\\/2022\\\/11\\\/storytel.png\",\"contentUrl\":\"https:\\\/\\\/browarbaltow.pl\\\/blog\\\/wp-content\\\/uploads\\\/2022\\\/11\\\/storytel.png\",\"width\":342,\"height\":237},{\"@type\":\"BreadcrumbList\",\"@id\":\"https:\\\/\\\/browarbaltow.pl\\\/blog\\\/kontakt\\\/#breadcrumb\",\"itemListElement\":[{\"@type\":\"ListItem\",\"position\":1,\"name\":\"Home\",\"item\":\"https:\\\/\\\/browarbaltow.pl\\\/blog\\\/\"},{\"@type\":\"ListItem\",\"position\":2,\"name\":\"Kontakt\"}]},{\"@type\":\"WebSite\",\"@id\":\"https:\\\/\\\/browarbaltow.pl\\\/blog\\\/#website\",\"url\":\"https:\\\/\\\/browarbaltow.pl\\\/blog\\\/\",\"name\":\"Browar Ba\u0142t\u00f3w Blog\",\"description\":\"\",\"publisher\":{\"@id\":\"https:\\\/\\\/browarbaltow.pl\\\/blog\\\/#organization\"},\"potentialAction\":[{\"@type\":\"SearchAction\",\"target\":{\"@type\":\"EntryPoint\",\"urlTemplate\":\"https:\\\/\\\/browarbaltow.pl\\\/blog\\\/?s={search_term_string}\"},\"query-input\":{\"@type\":\"PropertyValueSpecification\",\"valueRequired\":true,\"valueName\":\"search_term_string\"}}],\"inLanguage\":\"pl-PL\"},{\"@type\":\"Organization\",\"@id\":\"https:\\\/\\\/browarbaltow.pl\\\/blog\\\/#organization\",\"name\":\"Browar Ba\u0142t\u00f3w Blog\",\"url\":\"https:\\\/\\\/browarbaltow.pl\\\/blog\\\/\",\"logo\":{\"@type\":\"ImageObject\",\"inLanguage\":\"pl-PL\",\"@id\":\"https:\\\/\\\/browarbaltow.pl\\\/blog\\\/#\\\/schema\\\/logo\\\/image\\\/\",\"url\":\"https:\\\/\\\/browarbaltow.pl\\\/blog\\\/wp-content\\\/uploads\\\/2022\\\/11\\\/BB_elementy-01.png\",\"contentUrl\":\"https:\\\/\\\/browarbaltow.pl\\\/blog\\\/wp-content\\\/uploads\\\/2022\\\/11\\\/BB_elementy-01.png\",\"width\":1934,\"height\":1692,\"caption\":\"Browar Ba\u0142t\u00f3w Blog\"},\"image\":{\"@id\":\"https:\\\/\\\/browarbaltow.pl\\\/blog\\\/#\\\/schema\\\/logo\\\/image\\\/\"}}]}<\/script>\n<!-- \/ Yoast SEO plugin. -->","yoast_head_json":{"title":"Kontakt - Browar Ba\u0142t\u00f3w Blog","robots":{"index":"index","follow":"follow","max-snippet":"max-snippet:-1","max-image-preview":"max-image-preview:large","max-video-preview":"max-video-preview:-1"},"canonical":"https:\/\/browarbaltow.pl\/blog\/kontakt\/","og_locale":"pl_PL","og_type":"article","og_title":"Kontakt - Browar Ba\u0142t\u00f3w Blog","og_description":"PIERWSZYBROWAR TEMATYCZNYW POLSCE Chcesz aby Browar Ba\u0142t\u00f3w cieszy\u0142 r\u00f3wnie\u017c Twoich klient\u00f3w? Napisz do nas lub zadzwo\u0144. Z przyjemno\u015bci\u0105 opowiemy Ci o naszym browarze i om\u00f3wimy mo\u017cliwo\u015bci dystrybucji. \u0141\u0105czymy niepowtarzalno\u015b\u0107 piwa regionalnego z ch\u0119ci\u0105 opowiedzenia historii miejsca z kt\u00f3rego si\u0119 wywodzimy. Stawiamy na kanon czyli pils, lager, pszeniczne i APA. Nowo\u015bci\u0105 jest owsiany stout, a unikalnym...","og_url":"https:\/\/browarbaltow.pl\/blog\/kontakt\/","og_site_name":"Browar Ba\u0142t\u00f3w Blog","article_modified_time":"2026-03-31T09:59:55+00:00","og_image":[{"width":342,"height":237,"url":"https:\/\/browarbaltow.pl\/blog\/wp-content\/uploads\/2022\/11\/storytel.png","type":"image\/png"}],"twitter_card":"summary_large_image","twitter_misc":{"Szacowany czas czytania":"2 minuty"},"schema":{"@context":"https:\/\/schema.org","@graph":[{"@type":"WebPage","@id":"https:\/\/browarbaltow.pl\/blog\/kontakt\/","url":"https:\/\/browarbaltow.pl\/blog\/kontakt\/","name":"Kontakt - Browar Ba\u0142t\u00f3w Blog","isPartOf":{"@id":"https:\/\/browarbaltow.pl\/blog\/#website"},"primaryImageOfPage":{"@id":"https:\/\/browarbaltow.pl\/blog\/kontakt\/#primaryimage"},"image":{"@id":"https:\/\/browarbaltow.pl\/blog\/kontakt\/#primaryimage"},"thumbnailUrl":"https:\/\/browarbaltow.pl\/blog\/wp-content\/uploads\/2022\/11\/storytel.png","datePublished":"2022-11-30T10:12:58+00:00","dateModified":"2026-03-31T09:59:55+00:00","breadcrumb":{"@id":"https:\/\/browarbaltow.pl\/blog\/kontakt\/#breadcrumb"},"inLanguage":"pl-PL","potentialAction":[{"@type":"ReadAction","target":["https:\/\/browarbaltow.pl\/blog\/kontakt\/"]}]},{"@type":"ImageObject","inLanguage":"pl-PL","@id":"https:\/\/browarbaltow.pl\/blog\/kontakt\/#primaryimage","url":"https:\/\/browarbaltow.pl\/blog\/wp-content\/uploads\/2022\/11\/storytel.png","contentUrl":"https:\/\/browarbaltow.pl\/blog\/wp-content\/uploads\/2022\/11\/storytel.png","width":342,"height":237},{"@type":"BreadcrumbList","@id":"https:\/\/browarbaltow.pl\/blog\/kontakt\/#breadcrumb","itemListElement":[{"@type":"ListItem","position":1,"name":"Home","item":"https:\/\/browarbaltow.pl\/blog\/"},{"@type":"ListItem","position":2,"name":"Kontakt"}]},{"@type":"WebSite","@id":"https:\/\/browarbaltow.pl\/blog\/#website","url":"https:\/\/browarbaltow.pl\/blog\/","name":"Browar Ba\u0142t\u00f3w Blog","description":"","publisher":{"@id":"https:\/\/browarbaltow.pl\/blog\/#organization"},"potentialAction":[{"@type":"SearchAction","target":{"@type":"EntryPoint","urlTemplate":"https:\/\/browarbaltow.pl\/blog\/?s={search_term_string}"},"query-input":{"@type":"PropertyValueSpecification","valueRequired":true,"valueName":"search_term_string"}}],"inLanguage":"pl-PL"},{"@type":"Organization","@id":"https:\/\/browarbaltow.pl\/blog\/#organization","name":"Browar Ba\u0142t\u00f3w Blog","url":"https:\/\/browarbaltow.pl\/blog\/","logo":{"@type":"ImageObject","inLanguage":"pl-PL","@id":"https:\/\/browarbaltow.pl\/blog\/#\/schema\/logo\/image\/","url":"https:\/\/browarbaltow.pl\/blog\/wp-content\/uploads\/2022\/11\/BB_elementy-01.png","contentUrl":"https:\/\/browarbaltow.pl\/blog\/wp-content\/uploads\/2022\/11\/BB_elementy-01.png","width":1934,"height":1692,"caption":"Browar Ba\u0142t\u00f3w Blog"},"image":{"@id":"https:\/\/browarbaltow.pl\/blog\/#\/schema\/logo\/image\/"}}]}},"_links":{"self":[{"href":"https:\/\/browarbaltow.pl\/blog\/wp-json\/wp\/v2\/pages\/23","targetHints":{"allow":["GET"]}}],"collection":[{"href":"https:\/\/browarbaltow.pl\/blog\/wp-json\/wp\/v2\/pages"}],"about":[{"href":"https:\/\/browarbaltow.pl\/blog\/wp-json\/wp\/v2\/types\/page"}],"author":[{"embeddable":true,"href":"https:\/\/browarbaltow.pl\/blog\/wp-json\/wp\/v2\/users\/1"}],"replies":[{"embeddable":true,"href":"https:\/\/browarbaltow.pl\/blog\/wp-json\/wp\/v2\/comments?post=23"}],"version-history":[{"count":65,"href":"https:\/\/browarbaltow.pl\/blog\/wp-json\/wp\/v2\/pages\/23\/revisions"}],"predecessor-version":[{"id":980,"href":"https:\/\/browarbaltow.pl\/blog\/wp-json\/wp\/v2\/pages\/23\/revisions\/980"}],"wp:attachment":[{"href":"https:\/\/browarbaltow.pl\/blog\/wp-json\/wp\/v2\/media?parent=23"}],"curies":[{"name":"wp","href":"https:\/\/api.w.org\/{rel}","templated":true}]}}