{"id":3,"date":"2022-11-30T10:10:35","date_gmt":"2022-11-30T09:10:35","guid":{"rendered":"https:\/\/browarbaltow.pl\/blog\/?page_id=3"},"modified":"2023-01-09T09:40:45","modified_gmt":"2023-01-09T08:40:45","slug":"polityka-prywatnosci","status":"publish","type":"page","link":"https:\/\/browarbaltow.pl\/blog\/polityka-prywatnosci\/","title":{"rendered":"Polityka prywatno\u015bci"},"content":{"rendered":"\n<ol class=\"wp-block-list\">\n<li>Niniejsza Polityka Prywatno\u015bci okre\u015bla zasady przetwarzania i ochrony danych osobowych przekazanych przez U\u017cytkownik\u00f3w na stronie www.juraparkbaltow.pl<\/li>\n\n\n\n<li>Administratorem danych osobowych zawartych w serwisie jest DLF Invest Sp.z o.o z siedzib\u0105 w Ba\u0142towie, 27-423, Ba\u0142t\u00f3w 7, NIP 6612366557, REGON 260558350<br>(Adres korespondencyjny: Ba\u0142t\u00f3w 7, 27-423 Ba\u0142t\u00f3w)<\/li>\n\n\n\n<li>W trosce o bezpiecze\u0144stwo powierzonych nam danych opracowali\u015bmy wewn\u0119trzne procedury i zalecenia, kt\u00f3re maj\u0105 zapobiec udost\u0119pnieniu danych osobom nieupowa\u017cnionym. Kontrolujemy ich wykonywanie i stale sprawdzamy ich zgodno\u015b\u0107 z odpowiednimi aktami prawnymi \u2013 ustaw\u0105 o ochronie danych osobowych, ustaw\u0105 o \u015bwiadczeniu us\u0142ug drog\u0105 elektroniczn\u0105, a tak\u017ce wszelkiego rodzaju aktach wykonawczych i aktach prawa wsp\u00f3lnotowego.<\/li>\n\n\n\n<li>Dane Osobowe przetwarzane s\u0105 na podstawie zgody wyra\u017canej przez U\u017cytkownika oraz w przypadkach, w kt\u00f3rych przepisy prawa upowa\u017cniaj\u0105 Administratora do przetwarzania danych osobowych na podstawie przepis\u00f3w prawa lub w celu realizacji zawartej pomi\u0119dzy stronami umowy.<\/li>\n\n\n\n<li>Serwis realizuje funkcje pozyskiwania informacji o u\u017cytkownikach i ich zachowaniach w nast\u0119puj\u0105cy spos\u00f3b:\n<ul class=\"wp-block-list\">\n<li>poprzez dobrowolnie wprowadzone w formularzach informacje<\/li>\n\n\n\n<li>poprzez gromadzenie plik\u00f3w \u201ccookies\u201d .<\/li>\n<\/ul>\n<\/li>\n\n\n\n<li>Serwis zbiera informacje dobrowolnie podane przez u\u017cytkownika.<\/li>\n\n\n\n<li>Dane podane w formularzu s\u0105 przetwarzane w celu wynikaj\u0105cym z funkcji konkretnego formularza np. w celu rezerwacji danej atrakcji<\/li>\n\n\n\n<li>Dane osobowe pozostawione w serwisie nie zostan\u0105 sprzedane ani udost\u0119pnione osobom trzecim, zgodnie z przepisami Ustawy o ochronie danych osobowych.<\/li>\n\n\n\n<li>Do danych zawartych w formularzu przys\u0142uguje wgl\u0105d osobie fizycznej, kt\u00f3ra je tam umie\u015bci\u0142a. Osoba ta ma r\u00f3wnie\u017c praw do modyfikacji i zaprzestania przetwarzania swoich danych w dowolnym momencie.<br>W celu pobrania informacji o swoich danych osobowych zapisanych w serwisie www.juraparkbaltow.pl lub ich usuni\u0119cia nale\u017cy przes\u0142a\u0107 maila z pro\u015bb\u0105 na adres sekretariat@dlfinvest.pl<\/li>\n\n\n\n<li>Zastrzegamy sobie prawo do zmiany w polityce ochrony prywatno\u015bci serwisu, na kt\u00f3re mo\u017ce wp\u0142yn\u0105\u0107 rozw\u00f3j technologii internetowej, ewentualne zmiany prawa w zakresie ochrony danych osobowych oraz rozw\u00f3j naszego serwisu internetowego. O wszelkich zmianach b\u0119dziemy informowa\u0107 w spos\u00f3b widoczny i zrozumia\u0142y.<\/li>\n\n\n\n<li>W razie w\u0105tpliwo\u015bci co kt\u00f3regokolwiek z zapis\u00f3w niniejszej polityki prywatno\u015bci prosimy o kontakt na adres mailowy <a href=\"mailto:sekretariat@dlfinvest.pl\">sekretariat@dlfinvest.pl<\/a><\/li>\n<\/ol>\n\n\n\n<h2 class=\"wp-block-heading\">NASI PARTNERZY<\/h2>\n","protected":false},"excerpt":{"rendered":"<p>NASI PARTNERZY<\/p>\n","protected":false},"author":1,"featured_media":0,"parent":0,"menu_order":0,"comment_status":"closed","ping_status":"open","template":"","meta":{"_kad_post_transparent":"","_kad_post_title":"","_kad_post_layout":"","_kad_post_sidebar_id":"","_kad_post_content_style":"","_kad_post_vertical_padding":"","_kad_post_feature":"","_kad_post_feature_position":"","_kad_post_header":false,"_kad_post_footer":false,"_kad_post_classname":"","footnotes":""},"class_list":["post-3","page","type-page","status-publish","hentry"],"yoast_head":"<!-- This site is optimized with the Yoast SEO plugin v27.3 - https:\/\/yoast.com\/product\/yoast-seo-wordpress\/ -->\n<title>Polityka prywatno\u015bci - Browar Ba\u0142t\u00f3w Blog<\/title>\n<meta name=\"robots\" content=\"index, follow, max-snippet:-1, max-image-preview:large, max-video-preview:-1\" \/>\n<link rel=\"canonical\" href=\"https:\/\/browarbaltow.pl\/blog\/polityka-prywatnosci\/\" \/>\n<meta property=\"og:locale\" content=\"pl_PL\" \/>\n<meta property=\"og:type\" content=\"article\" \/>\n<meta property=\"og:title\" content=\"Polityka prywatno\u015bci - Browar Ba\u0142t\u00f3w Blog\" \/>\n<meta property=\"og:description\" content=\"NASI PARTNERZY\" \/>\n<meta property=\"og:url\" content=\"https:\/\/browarbaltow.pl\/blog\/polityka-prywatnosci\/\" \/>\n<meta property=\"og:site_name\" content=\"Browar Ba\u0142t\u00f3w Blog\" \/>\n<meta property=\"article:modified_time\" content=\"2023-01-09T08:40:45+00:00\" \/>\n<meta name=\"twitter:card\" content=\"summary_large_image\" \/>\n<meta name=\"twitter:label1\" content=\"Szacowany czas czytania\" \/>\n\t<meta name=\"twitter:data1\" content=\"2 minuty\" \/>\n<script type=\"application\/ld+json\" class=\"yoast-schema-graph\">{\"@context\":\"https:\\\/\\\/schema.org\",\"@graph\":[{\"@type\":\"WebPage\",\"@id\":\"https:\\\/\\\/browarbaltow.pl\\\/blog\\\/polityka-prywatnosci\\\/\",\"url\":\"https:\\\/\\\/browarbaltow.pl\\\/blog\\\/polityka-prywatnosci\\\/\",\"name\":\"Polityka prywatno\u015bci - Browar Ba\u0142t\u00f3w Blog\",\"isPartOf\":{\"@id\":\"https:\\\/\\\/browarbaltow.pl\\\/blog\\\/#website\"},\"datePublished\":\"2022-11-30T09:10:35+00:00\",\"dateModified\":\"2023-01-09T08:40:45+00:00\",\"breadcrumb\":{\"@id\":\"https:\\\/\\\/browarbaltow.pl\\\/blog\\\/polityka-prywatnosci\\\/#breadcrumb\"},\"inLanguage\":\"pl-PL\",\"potentialAction\":[{\"@type\":\"ReadAction\",\"target\":[\"https:\\\/\\\/browarbaltow.pl\\\/blog\\\/polityka-prywatnosci\\\/\"]}]},{\"@type\":\"BreadcrumbList\",\"@id\":\"https:\\\/\\\/browarbaltow.pl\\\/blog\\\/polityka-prywatnosci\\\/#breadcrumb\",\"itemListElement\":[{\"@type\":\"ListItem\",\"position\":1,\"name\":\"Home\",\"item\":\"https:\\\/\\\/browarbaltow.pl\\\/blog\\\/\"},{\"@type\":\"ListItem\",\"position\":2,\"name\":\"Polityka prywatno\u015bci\"}]},{\"@type\":\"WebSite\",\"@id\":\"https:\\\/\\\/browarbaltow.pl\\\/blog\\\/#website\",\"url\":\"https:\\\/\\\/browarbaltow.pl\\\/blog\\\/\",\"name\":\"Browar Ba\u0142t\u00f3w Blog\",\"description\":\"\",\"publisher\":{\"@id\":\"https:\\\/\\\/browarbaltow.pl\\\/blog\\\/#organization\"},\"potentialAction\":[{\"@type\":\"SearchAction\",\"target\":{\"@type\":\"EntryPoint\",\"urlTemplate\":\"https:\\\/\\\/browarbaltow.pl\\\/blog\\\/?s={search_term_string}\"},\"query-input\":{\"@type\":\"PropertyValueSpecification\",\"valueRequired\":true,\"valueName\":\"search_term_string\"}}],\"inLanguage\":\"pl-PL\"},{\"@type\":\"Organization\",\"@id\":\"https:\\\/\\\/browarbaltow.pl\\\/blog\\\/#organization\",\"name\":\"Browar Ba\u0142t\u00f3w Blog\",\"url\":\"https:\\\/\\\/browarbaltow.pl\\\/blog\\\/\",\"logo\":{\"@type\":\"ImageObject\",\"inLanguage\":\"pl-PL\",\"@id\":\"https:\\\/\\\/browarbaltow.pl\\\/blog\\\/#\\\/schema\\\/logo\\\/image\\\/\",\"url\":\"https:\\\/\\\/browarbaltow.pl\\\/blog\\\/wp-content\\\/uploads\\\/2022\\\/11\\\/BB_elementy-01.png\",\"contentUrl\":\"https:\\\/\\\/browarbaltow.pl\\\/blog\\\/wp-content\\\/uploads\\\/2022\\\/11\\\/BB_elementy-01.png\",\"width\":1934,\"height\":1692,\"caption\":\"Browar Ba\u0142t\u00f3w Blog\"},\"image\":{\"@id\":\"https:\\\/\\\/browarbaltow.pl\\\/blog\\\/#\\\/schema\\\/logo\\\/image\\\/\"}}]}<\/script>\n<!-- \/ Yoast SEO plugin. -->","yoast_head_json":{"title":"Polityka prywatno\u015bci - Browar Ba\u0142t\u00f3w Blog","robots":{"index":"index","follow":"follow","max-snippet":"max-snippet:-1","max-image-preview":"max-image-preview:large","max-video-preview":"max-video-preview:-1"},"canonical":"https:\/\/browarbaltow.pl\/blog\/polityka-prywatnosci\/","og_locale":"pl_PL","og_type":"article","og_title":"Polityka prywatno\u015bci - Browar Ba\u0142t\u00f3w Blog","og_description":"NASI PARTNERZY","og_url":"https:\/\/browarbaltow.pl\/blog\/polityka-prywatnosci\/","og_site_name":"Browar Ba\u0142t\u00f3w Blog","article_modified_time":"2023-01-09T08:40:45+00:00","twitter_card":"summary_large_image","twitter_misc":{"Szacowany czas czytania":"2 minuty"},"schema":{"@context":"https:\/\/schema.org","@graph":[{"@type":"WebPage","@id":"https:\/\/browarbaltow.pl\/blog\/polityka-prywatnosci\/","url":"https:\/\/browarbaltow.pl\/blog\/polityka-prywatnosci\/","name":"Polityka prywatno\u015bci - Browar Ba\u0142t\u00f3w Blog","isPartOf":{"@id":"https:\/\/browarbaltow.pl\/blog\/#website"},"datePublished":"2022-11-30T09:10:35+00:00","dateModified":"2023-01-09T08:40:45+00:00","breadcrumb":{"@id":"https:\/\/browarbaltow.pl\/blog\/polityka-prywatnosci\/#breadcrumb"},"inLanguage":"pl-PL","potentialAction":[{"@type":"ReadAction","target":["https:\/\/browarbaltow.pl\/blog\/polityka-prywatnosci\/"]}]},{"@type":"BreadcrumbList","@id":"https:\/\/browarbaltow.pl\/blog\/polityka-prywatnosci\/#breadcrumb","itemListElement":[{"@type":"ListItem","position":1,"name":"Home","item":"https:\/\/browarbaltow.pl\/blog\/"},{"@type":"ListItem","position":2,"name":"Polityka prywatno\u015bci"}]},{"@type":"WebSite","@id":"https:\/\/browarbaltow.pl\/blog\/#website","url":"https:\/\/browarbaltow.pl\/blog\/","name":"Browar Ba\u0142t\u00f3w Blog","description":"","publisher":{"@id":"https:\/\/browarbaltow.pl\/blog\/#organization"},"potentialAction":[{"@type":"SearchAction","target":{"@type":"EntryPoint","urlTemplate":"https:\/\/browarbaltow.pl\/blog\/?s={search_term_string}"},"query-input":{"@type":"PropertyValueSpecification","valueRequired":true,"valueName":"search_term_string"}}],"inLanguage":"pl-PL"},{"@type":"Organization","@id":"https:\/\/browarbaltow.pl\/blog\/#organization","name":"Browar Ba\u0142t\u00f3w Blog","url":"https:\/\/browarbaltow.pl\/blog\/","logo":{"@type":"ImageObject","inLanguage":"pl-PL","@id":"https:\/\/browarbaltow.pl\/blog\/#\/schema\/logo\/image\/","url":"https:\/\/browarbaltow.pl\/blog\/wp-content\/uploads\/2022\/11\/BB_elementy-01.png","contentUrl":"https:\/\/browarbaltow.pl\/blog\/wp-content\/uploads\/2022\/11\/BB_elementy-01.png","width":1934,"height":1692,"caption":"Browar Ba\u0142t\u00f3w Blog"},"image":{"@id":"https:\/\/browarbaltow.pl\/blog\/#\/schema\/logo\/image\/"}}]}},"_links":{"self":[{"href":"https:\/\/browarbaltow.pl\/blog\/wp-json\/wp\/v2\/pages\/3","targetHints":{"allow":["GET"]}}],"collection":[{"href":"https:\/\/browarbaltow.pl\/blog\/wp-json\/wp\/v2\/pages"}],"about":[{"href":"https:\/\/browarbaltow.pl\/blog\/wp-json\/wp\/v2\/types\/page"}],"author":[{"embeddable":true,"href":"https:\/\/browarbaltow.pl\/blog\/wp-json\/wp\/v2\/users\/1"}],"replies":[{"embeddable":true,"href":"https:\/\/browarbaltow.pl\/blog\/wp-json\/wp\/v2\/comments?post=3"}],"version-history":[{"count":1,"href":"https:\/\/browarbaltow.pl\/blog\/wp-json\/wp\/v2\/pages\/3\/revisions"}],"predecessor-version":[{"id":619,"href":"https:\/\/browarbaltow.pl\/blog\/wp-json\/wp\/v2\/pages\/3\/revisions\/619"}],"wp:attachment":[{"href":"https:\/\/browarbaltow.pl\/blog\/wp-json\/wp\/v2\/media?parent=3"}],"curies":[{"name":"wp","href":"https:\/\/api.w.org\/{rel}","templated":true}]}}