{"id":553,"date":"2022-12-23T12:31:10","date_gmt":"2022-12-23T11:31:10","guid":{"rendered":"https:\/\/browarbaltow.pl\/blog\/?page_id=553"},"modified":"2022-12-23T12:37:58","modified_gmt":"2022-12-23T11:37:58","slug":"mapa-sklepow","status":"publish","type":"page","link":"https:\/\/browarbaltow.pl\/blog\/mapa-sklepow\/","title":{"rendered":"Mapa sklep\u00f3w"},"content":{"rendered":"\t\t<div data-elementor-type=\"wp-page\" data-elementor-id=\"553\" class=\"elementor elementor-553\" data-elementor-post-type=\"page\">\n\t\t\t\t<div class=\"elementor-element elementor-element-ec24cd2 e-flex e-con-boxed e-con e-parent\" data-id=\"ec24cd2\" data-element_type=\"container\" data-e-type=\"container\" data-settings=\"{&quot;background_background&quot;:&quot;classic&quot;,&quot;shape_divider_bottom&quot;:&quot;tilt&quot;}\">\n\t\t\t\t\t<div class=\"e-con-inner\">\n\t\t\t\t<div class=\"elementor-shape elementor-shape-bottom\" aria-hidden=\"true\" data-negative=\"false\">\n\t\t\t<svg xmlns=\"http:\/\/www.w3.org\/2000\/svg\" viewBox=\"0 0 1000 100\" preserveAspectRatio=\"none\">\n\t<path class=\"elementor-shape-fill\" d=\"M0,6V0h1000v100L0,6z\"\/>\n<\/svg>\t\t<\/div>\n\t\t\t\t<div class=\"elementor-element elementor-element-a083adc elementor-widget elementor-widget-heading\" data-id=\"a083adc\" data-element_type=\"widget\" data-e-type=\"widget\" data-widget_type=\"heading.default\">\n\t\t\t\t<div class=\"elementor-widget-container\">\n\t\t\t\t\t<h1 class=\"elementor-heading-title elementor-size-default\">ZNAJD\u0179 NAJBLI\u017bSZY SKLEP<\/h1>\t\t\t\t<\/div>\n\t\t\t\t<\/div>\n\t\t\t\t<div class=\"elementor-element elementor-element-cd90d24 elementor-widget elementor-widget-text-editor\" data-id=\"cd90d24\" data-element_type=\"widget\" data-e-type=\"widget\" data-widget_type=\"text-editor.default\">\n\t\t\t\t<div class=\"elementor-widget-container\">\n\t\t\t\t\t\t\t\t\t<p>Oto prawdziwa mapa skarb\u00f3w. Znajd\u017a sklepy z piwami z Ba\u0142towa i wyrusz na wypraw\u0119 po z\u0142ociste trunki.<br \/>Albo wejd\u017a do naszego sklepu online i pozw\u00f3l, \u017ce dostarczymy ci je pod drzwi<\/p>\t\t\t\t\t\t\t\t<\/div>\n\t\t\t\t<\/div>\n\t\t<div class=\"elementor-element elementor-element-64b18d2 e-flex e-con-boxed e-con e-parent\" data-id=\"64b18d2\" data-element_type=\"container\" data-e-type=\"container\">\n\t\t\t\t\t<div class=\"e-con-inner\">\n\t\t\t\t<div class=\"elementor-element elementor-element-7d821ba elementor-widget elementor-widget-html\" data-id=\"7d821ba\" data-element_type=\"widget\" data-e-type=\"widget\" data-widget_type=\"html.default\">\n\t\t\t\t<div class=\"elementor-widget-container\">\n\t\t\t\t\t<iframe src=\"https:\/\/www.google.com\/maps\/d\/embed?mid=1PXled03vFiG6hHmplC6QpBtSOWdwTPc&ehbc=2E312F\" width=\"800\" height=\"600\"><\/iframe>\t\t\t\t<\/div>\n\t\t\t\t<\/div>\n\t\t\t\t\t<\/div>\n\t\t\t\t<\/div>\n\t\t\t\t\t<\/div>\n\t\t\t\t<\/div>\n\t\t\t\t<\/div>\n\t\t","protected":false},"excerpt":{"rendered":"<p>ZNAJD\u0179 NAJBLI\u017bSZY SKLEP Oto prawdziwa mapa skarb\u00f3w. Znajd\u017a sklepy z piwami z Ba\u0142towa i wyrusz na wypraw\u0119 po z\u0142ociste trunki.Albo wejd\u017a do naszego sklepu online i pozw\u00f3l, \u017ce dostarczymy ci je pod drzwi<\/p>\n","protected":false},"author":1,"featured_media":0,"parent":0,"menu_order":0,"comment_status":"closed","ping_status":"closed","template":"elementor_header_footer","meta":{"_kad_post_transparent":"","_kad_post_title":"hide","_kad_post_layout":"fullwidth","_kad_post_sidebar_id":"","_kad_post_content_style":"unboxed","_kad_post_vertical_padding":"hide","_kad_post_feature":"hide","_kad_post_feature_position":"","_kad_post_header":false,"_kad_post_footer":false,"_kad_post_classname":"","footnotes":""},"class_list":["post-553","page","type-page","status-publish","hentry"],"yoast_head":"<!-- This site is optimized with the Yoast SEO plugin v27.3 - https:\/\/yoast.com\/product\/yoast-seo-wordpress\/ -->\n<title>Mapa sklep\u00f3w - Browar Ba\u0142t\u00f3w Blog<\/title>\n<meta name=\"robots\" content=\"index, follow, max-snippet:-1, max-image-preview:large, max-video-preview:-1\" \/>\n<link rel=\"canonical\" href=\"https:\/\/browarbaltow.pl\/blog\/mapa-sklepow\/\" \/>\n<meta property=\"og:locale\" content=\"pl_PL\" \/>\n<meta property=\"og:type\" content=\"article\" \/>\n<meta property=\"og:title\" content=\"Mapa sklep\u00f3w - Browar Ba\u0142t\u00f3w Blog\" \/>\n<meta property=\"og:description\" content=\"ZNAJD\u0179 NAJBLI\u017bSZY SKLEP Oto prawdziwa mapa skarb\u00f3w. Znajd\u017a sklepy z piwami z Ba\u0142towa i wyrusz na wypraw\u0119 po z\u0142ociste trunki.Albo wejd\u017a do naszego sklepu online i pozw\u00f3l, \u017ce dostarczymy ci je pod drzwi\" \/>\n<meta property=\"og:url\" content=\"https:\/\/browarbaltow.pl\/blog\/mapa-sklepow\/\" \/>\n<meta property=\"og:site_name\" content=\"Browar Ba\u0142t\u00f3w Blog\" \/>\n<meta property=\"article:modified_time\" content=\"2022-12-23T11:37:58+00:00\" \/>\n<meta name=\"twitter:card\" content=\"summary_large_image\" \/>\n<meta name=\"twitter:label1\" content=\"Szacowany czas czytania\" \/>\n\t<meta name=\"twitter:data1\" content=\"1 minuta\" \/>\n<script type=\"application\/ld+json\" class=\"yoast-schema-graph\">{\"@context\":\"https:\\\/\\\/schema.org\",\"@graph\":[{\"@type\":\"WebPage\",\"@id\":\"https:\\\/\\\/browarbaltow.pl\\\/blog\\\/mapa-sklepow\\\/\",\"url\":\"https:\\\/\\\/browarbaltow.pl\\\/blog\\\/mapa-sklepow\\\/\",\"name\":\"Mapa sklep\u00f3w - Browar Ba\u0142t\u00f3w Blog\",\"isPartOf\":{\"@id\":\"https:\\\/\\\/browarbaltow.pl\\\/blog\\\/#website\"},\"datePublished\":\"2022-12-23T11:31:10+00:00\",\"dateModified\":\"2022-12-23T11:37:58+00:00\",\"breadcrumb\":{\"@id\":\"https:\\\/\\\/browarbaltow.pl\\\/blog\\\/mapa-sklepow\\\/#breadcrumb\"},\"inLanguage\":\"pl-PL\",\"potentialAction\":[{\"@type\":\"ReadAction\",\"target\":[\"https:\\\/\\\/browarbaltow.pl\\\/blog\\\/mapa-sklepow\\\/\"]}]},{\"@type\":\"BreadcrumbList\",\"@id\":\"https:\\\/\\\/browarbaltow.pl\\\/blog\\\/mapa-sklepow\\\/#breadcrumb\",\"itemListElement\":[{\"@type\":\"ListItem\",\"position\":1,\"name\":\"Home\",\"item\":\"https:\\\/\\\/browarbaltow.pl\\\/blog\\\/\"},{\"@type\":\"ListItem\",\"position\":2,\"name\":\"Mapa sklep\u00f3w\"}]},{\"@type\":\"WebSite\",\"@id\":\"https:\\\/\\\/browarbaltow.pl\\\/blog\\\/#website\",\"url\":\"https:\\\/\\\/browarbaltow.pl\\\/blog\\\/\",\"name\":\"Browar Ba\u0142t\u00f3w Blog\",\"description\":\"\",\"publisher\":{\"@id\":\"https:\\\/\\\/browarbaltow.pl\\\/blog\\\/#organization\"},\"potentialAction\":[{\"@type\":\"SearchAction\",\"target\":{\"@type\":\"EntryPoint\",\"urlTemplate\":\"https:\\\/\\\/browarbaltow.pl\\\/blog\\\/?s={search_term_string}\"},\"query-input\":{\"@type\":\"PropertyValueSpecification\",\"valueRequired\":true,\"valueName\":\"search_term_string\"}}],\"inLanguage\":\"pl-PL\"},{\"@type\":\"Organization\",\"@id\":\"https:\\\/\\\/browarbaltow.pl\\\/blog\\\/#organization\",\"name\":\"Browar Ba\u0142t\u00f3w Blog\",\"url\":\"https:\\\/\\\/browarbaltow.pl\\\/blog\\\/\",\"logo\":{\"@type\":\"ImageObject\",\"inLanguage\":\"pl-PL\",\"@id\":\"https:\\\/\\\/browarbaltow.pl\\\/blog\\\/#\\\/schema\\\/logo\\\/image\\\/\",\"url\":\"https:\\\/\\\/browarbaltow.pl\\\/blog\\\/wp-content\\\/uploads\\\/2022\\\/11\\\/BB_elementy-01.png\",\"contentUrl\":\"https:\\\/\\\/browarbaltow.pl\\\/blog\\\/wp-content\\\/uploads\\\/2022\\\/11\\\/BB_elementy-01.png\",\"width\":1934,\"height\":1692,\"caption\":\"Browar Ba\u0142t\u00f3w Blog\"},\"image\":{\"@id\":\"https:\\\/\\\/browarbaltow.pl\\\/blog\\\/#\\\/schema\\\/logo\\\/image\\\/\"}}]}<\/script>\n<!-- \/ Yoast SEO plugin. -->","yoast_head_json":{"title":"Mapa sklep\u00f3w - Browar Ba\u0142t\u00f3w Blog","robots":{"index":"index","follow":"follow","max-snippet":"max-snippet:-1","max-image-preview":"max-image-preview:large","max-video-preview":"max-video-preview:-1"},"canonical":"https:\/\/browarbaltow.pl\/blog\/mapa-sklepow\/","og_locale":"pl_PL","og_type":"article","og_title":"Mapa sklep\u00f3w - Browar Ba\u0142t\u00f3w Blog","og_description":"ZNAJD\u0179 NAJBLI\u017bSZY SKLEP Oto prawdziwa mapa skarb\u00f3w. Znajd\u017a sklepy z piwami z Ba\u0142towa i wyrusz na wypraw\u0119 po z\u0142ociste trunki.Albo wejd\u017a do naszego sklepu online i pozw\u00f3l, \u017ce dostarczymy ci je pod drzwi","og_url":"https:\/\/browarbaltow.pl\/blog\/mapa-sklepow\/","og_site_name":"Browar Ba\u0142t\u00f3w Blog","article_modified_time":"2022-12-23T11:37:58+00:00","twitter_card":"summary_large_image","twitter_misc":{"Szacowany czas czytania":"1 minuta"},"schema":{"@context":"https:\/\/schema.org","@graph":[{"@type":"WebPage","@id":"https:\/\/browarbaltow.pl\/blog\/mapa-sklepow\/","url":"https:\/\/browarbaltow.pl\/blog\/mapa-sklepow\/","name":"Mapa sklep\u00f3w - Browar Ba\u0142t\u00f3w Blog","isPartOf":{"@id":"https:\/\/browarbaltow.pl\/blog\/#website"},"datePublished":"2022-12-23T11:31:10+00:00","dateModified":"2022-12-23T11:37:58+00:00","breadcrumb":{"@id":"https:\/\/browarbaltow.pl\/blog\/mapa-sklepow\/#breadcrumb"},"inLanguage":"pl-PL","potentialAction":[{"@type":"ReadAction","target":["https:\/\/browarbaltow.pl\/blog\/mapa-sklepow\/"]}]},{"@type":"BreadcrumbList","@id":"https:\/\/browarbaltow.pl\/blog\/mapa-sklepow\/#breadcrumb","itemListElement":[{"@type":"ListItem","position":1,"name":"Home","item":"https:\/\/browarbaltow.pl\/blog\/"},{"@type":"ListItem","position":2,"name":"Mapa sklep\u00f3w"}]},{"@type":"WebSite","@id":"https:\/\/browarbaltow.pl\/blog\/#website","url":"https:\/\/browarbaltow.pl\/blog\/","name":"Browar Ba\u0142t\u00f3w Blog","description":"","publisher":{"@id":"https:\/\/browarbaltow.pl\/blog\/#organization"},"potentialAction":[{"@type":"SearchAction","target":{"@type":"EntryPoint","urlTemplate":"https:\/\/browarbaltow.pl\/blog\/?s={search_term_string}"},"query-input":{"@type":"PropertyValueSpecification","valueRequired":true,"valueName":"search_term_string"}}],"inLanguage":"pl-PL"},{"@type":"Organization","@id":"https:\/\/browarbaltow.pl\/blog\/#organization","name":"Browar Ba\u0142t\u00f3w Blog","url":"https:\/\/browarbaltow.pl\/blog\/","logo":{"@type":"ImageObject","inLanguage":"pl-PL","@id":"https:\/\/browarbaltow.pl\/blog\/#\/schema\/logo\/image\/","url":"https:\/\/browarbaltow.pl\/blog\/wp-content\/uploads\/2022\/11\/BB_elementy-01.png","contentUrl":"https:\/\/browarbaltow.pl\/blog\/wp-content\/uploads\/2022\/11\/BB_elementy-01.png","width":1934,"height":1692,"caption":"Browar Ba\u0142t\u00f3w Blog"},"image":{"@id":"https:\/\/browarbaltow.pl\/blog\/#\/schema\/logo\/image\/"}}]}},"_links":{"self":[{"href":"https:\/\/browarbaltow.pl\/blog\/wp-json\/wp\/v2\/pages\/553","targetHints":{"allow":["GET"]}}],"collection":[{"href":"https:\/\/browarbaltow.pl\/blog\/wp-json\/wp\/v2\/pages"}],"about":[{"href":"https:\/\/browarbaltow.pl\/blog\/wp-json\/wp\/v2\/types\/page"}],"author":[{"embeddable":true,"href":"https:\/\/browarbaltow.pl\/blog\/wp-json\/wp\/v2\/users\/1"}],"replies":[{"embeddable":true,"href":"https:\/\/browarbaltow.pl\/blog\/wp-json\/wp\/v2\/comments?post=553"}],"version-history":[{"count":12,"href":"https:\/\/browarbaltow.pl\/blog\/wp-json\/wp\/v2\/pages\/553\/revisions"}],"predecessor-version":[{"id":565,"href":"https:\/\/browarbaltow.pl\/blog\/wp-json\/wp\/v2\/pages\/553\/revisions\/565"}],"wp:attachment":[{"href":"https:\/\/browarbaltow.pl\/blog\/wp-json\/wp\/v2\/media?parent=553"}],"curies":[{"name":"wp","href":"https:\/\/api.w.org\/{rel}","templated":true}]}}