{"id":904,"date":"2024-08-21T09:32:28","date_gmt":"2024-08-21T07:32:28","guid":{"rendered":"https:\/\/browarbaltow.pl\/blog\/?page_id=904"},"modified":"2024-08-21T09:35:59","modified_gmt":"2024-08-21T07:35:59","slug":"reklamacje","status":"publish","type":"page","link":"https:\/\/browarbaltow.pl\/blog\/reklamacje\/","title":{"rendered":"Reklamacje"},"content":{"rendered":"\t\t<div data-elementor-type=\"wp-page\" data-elementor-id=\"904\" class=\"elementor elementor-904\" data-elementor-post-type=\"page\">\n\t\t\t\t<div class=\"elementor-element elementor-element-3e89b43 e-flex e-con-boxed e-con e-parent\" data-id=\"3e89b43\" data-element_type=\"container\" data-e-type=\"container\">\n\t\t\t\t\t<div class=\"e-con-inner\">\n\t\t\t\t<div class=\"elementor-element elementor-element-0422294 elementor-widget elementor-widget-text-editor\" data-id=\"0422294\" data-element_type=\"widget\" data-e-type=\"widget\" data-widget_type=\"text-editor.default\">\n\t\t\t\t<div class=\"elementor-widget-container\">\n\t\t\t\t\t\t\t\t\t<p><b>Szanowny Kliencie,<\/b><\/p><p>Dzi\u0119kujemy za zakup produkt\u00f3w Browaru Ba\u0142t\u00f3w. Z pasj\u0105 i zaanga\u017cowaniem tworzymy piwa rzemie\u015blnicze z najlepszych produkt\u00f3w na rynku. Na ka\u017cdym etapie produkcji przyk\u0142adamy ogromn\u0105 wag\u0119 do kontroli jako\u015bci. Je\u017celi mimo naszych najwi\u0119kszych stara\u0144 nasz produkt nie spe\u0142ni\u0142 Twoich oczekiwa\u0144, prosimy o wype\u0142nienie poni\u017cszego formularza reklamacyjnego. Przypominamy r\u00f3wnie\u017c, \u017ce jako\u015b\u0107 i smak piwa zale\u017cy w du\u017cej mierze od sposobu jego przechowywania.<\/p>\t\t\t\t\t\t\t\t<\/div>\n\t\t\t\t<\/div>\n\t\t\t\t\t<\/div>\n\t\t\t\t<\/div>\n\t\t<div class=\"elementor-element elementor-element-3ee3206 e-flex e-con-boxed e-con e-parent\" data-id=\"3ee3206\" data-element_type=\"container\" data-e-type=\"container\">\n\t\t\t\t\t<div class=\"e-con-inner\">\n\t\t\t\t<div class=\"elementor-element elementor-element-bcded3e elementor-widget elementor-widget-html\" data-id=\"bcded3e\" data-element_type=\"widget\" data-e-type=\"widget\" data-widget_type=\"html.default\">\n\t\t\t\t<div class=\"elementor-widget-container\">\n\t\t\t\t\t<script data-b24-form=\"inline\/200\/a2vf1y\" data-skip-moving=\"true\">\r\n(function(w,d,u){\r\nvar s=d.createElement('script');s.async=true;s.src=u+'?'+(Date.now()\/180000|0);\r\nvar h=d.getElementsByTagName('script')[0];h.parentNode.insertBefore(s,h);\r\n})(window,document,'https:\/\/cdn.bitrix24.pl\/b18930877\/crm\/form\/loader_200.js');\r\n<\/script>\t\t\t\t<\/div>\n\t\t\t\t<\/div>\n\t\t\t\t\t<\/div>\n\t\t\t\t<\/div>\n\t\t<div class=\"elementor-element elementor-element-22bd21f e-flex e-con-boxed e-con e-parent\" data-id=\"22bd21f\" data-element_type=\"container\" data-e-type=\"container\">\n\t\t\t\t\t<div class=\"e-con-inner\">\n\t\t\t\t<div class=\"elementor-element elementor-element-e0c2216 elementor-widget elementor-widget-text-editor\" data-id=\"e0c2216\" data-element_type=\"widget\" data-e-type=\"widget\" data-widget_type=\"text-editor.default\">\n\t\t\t\t<div class=\"elementor-widget-container\">\n\t\t\t\t\t\t\t\t\t<p><b><span class=\"bx-font\">PROCES REKLAMACJI:<\/span><\/b><\/p><ol><li>Po otrzymaniu formularza reklamacyjnego, skontaktujemy si\u0119 z Pa\u0144stwem w ci\u0105gu\u00a014 dni roboczych.<\/li><li>W zale\u017cno\u015bci od charakteru reklamacji, poprosimy o dodatkowe informacje lub\u00a0za\u0142\u0105czenie produktu do analizy.<\/li><li>Do\u0142o\u017cymy wszelkich stara\u0144, aby rozpatrzy\u0107 reklamacj\u0119 jak najszybciej i zadowoli\u0107\u00a0Pa\u0144stwa oczekiwania.<\/li><\/ol><p><b>Dzi\u0119kujemy za wsp\u00f3\u0142prac\u0119 i wyrozumia\u0142o\u015b\u0107.<\/b><\/p><p>Z powa\u017caniem,<br \/>Zesp\u00f3\u0142 Browaru Ba\u0142t\u00f3w.<\/p>\t\t\t\t\t\t\t\t<\/div>\n\t\t\t\t<\/div>\n\t\t\t\t\t<\/div>\n\t\t\t\t<\/div>\n\t\t<div class=\"elementor-element elementor-element-c2f9d99 e-flex e-con-boxed e-con e-parent\" data-id=\"c2f9d99\" data-element_type=\"container\" data-e-type=\"container\">\n\t\t\t\t\t<div class=\"e-con-inner\">\n\t\t\t\t<div class=\"elementor-element elementor-element-e0de327 elementor-widget elementor-widget-text-editor\" data-id=\"e0de327\" data-element_type=\"widget\" data-e-type=\"widget\" data-widget_type=\"text-editor.default\">\n\t\t\t\t<div class=\"elementor-widget-container\">\n\t\t\t\t\t\t\t\t\t<p><b>Informacje kontaktowe:<\/b><\/p><p><b>Adres e-mail:<\/b>\u00a0<a href=\"mailto:reklamacje@juraparkbaltow.pl\" target=\"_blank\" rel=\"nofollow noopener\">reklamacje@juraparkbaltow.pl<\/a><\/p><p><b>Polityka Prywatno\u015bci:<\/b><\/p><p>Dane osobowe zawarte w formularzu b\u0119d\u0105 przetwarzane wy\u0142\u0105cznie w celu rozpatrzenia reklamacji zgodnie z nasz\u0105 polityk\u0105 prywatno\u015bci, dost\u0119pn\u0105 na stronie\u00a0<a href=\"https:\/\/dlfinvest.pl\/klauzula-informacyjna-%20o-przetwarzaniu-danych-osobowych-przez-dlf-invest-sp-z-o-o\/\" target=\"_blank\" rel=\"nofollow noopener\">https:\/\/dlfinvest.pl\/klauzula-informac&#8230;-sp-z-o-o\/<\/a><\/p>\t\t\t\t\t\t\t\t<\/div>\n\t\t\t\t<\/div>\n\t\t\t\t\t<\/div>\n\t\t\t\t<\/div>\n\t\t\t\t<\/div>\n\t\t","protected":false},"excerpt":{"rendered":"<p>Szanowny Kliencie, Dzi\u0119kujemy za zakup produkt\u00f3w Browaru Ba\u0142t\u00f3w. Z pasj\u0105 i zaanga\u017cowaniem tworzymy piwa rzemie\u015blnicze z najlepszych produkt\u00f3w na rynku. Na ka\u017cdym etapie produkcji przyk\u0142adamy ogromn\u0105 wag\u0119 do kontroli jako\u015bci. Je\u017celi mimo naszych najwi\u0119kszych stara\u0144 nasz produkt nie spe\u0142ni\u0142 Twoich oczekiwa\u0144, prosimy o wype\u0142nienie poni\u017cszego formularza reklamacyjnego. Przypominamy r\u00f3wnie\u017c, \u017ce jako\u015b\u0107 i smak piwa zale\u017cy&#8230;<\/p>\n","protected":false},"author":1,"featured_media":0,"parent":0,"menu_order":0,"comment_status":"closed","ping_status":"closed","template":"","meta":{"_kad_post_transparent":"","_kad_post_title":"hide","_kad_post_layout":"fullwidth","_kad_post_sidebar_id":"","_kad_post_content_style":"unboxed","_kad_post_vertical_padding":"hide","_kad_post_feature":"hide","_kad_post_feature_position":"","_kad_post_header":false,"_kad_post_footer":false,"_kad_post_classname":"","footnotes":""},"class_list":["post-904","page","type-page","status-publish","hentry"],"yoast_head":"<!-- This site is optimized with the Yoast SEO plugin v27.3 - https:\/\/yoast.com\/product\/yoast-seo-wordpress\/ -->\n<title>Reklamacje - Browar Ba\u0142t\u00f3w Blog<\/title>\n<meta name=\"robots\" content=\"index, follow, max-snippet:-1, max-image-preview:large, max-video-preview:-1\" \/>\n<link rel=\"canonical\" href=\"https:\/\/browarbaltow.pl\/blog\/reklamacje\/\" \/>\n<meta property=\"og:locale\" content=\"pl_PL\" \/>\n<meta property=\"og:type\" content=\"article\" \/>\n<meta property=\"og:title\" content=\"Reklamacje - Browar Ba\u0142t\u00f3w Blog\" \/>\n<meta property=\"og:description\" content=\"Szanowny Kliencie, Dzi\u0119kujemy za zakup produkt\u00f3w Browaru Ba\u0142t\u00f3w. Z pasj\u0105 i zaanga\u017cowaniem tworzymy piwa rzemie\u015blnicze z najlepszych produkt\u00f3w na rynku. Na ka\u017cdym etapie produkcji przyk\u0142adamy ogromn\u0105 wag\u0119 do kontroli jako\u015bci. Je\u017celi mimo naszych najwi\u0119kszych stara\u0144 nasz produkt nie spe\u0142ni\u0142 Twoich oczekiwa\u0144, prosimy o wype\u0142nienie poni\u017cszego formularza reklamacyjnego. Przypominamy r\u00f3wnie\u017c, \u017ce jako\u015b\u0107 i smak piwa zale\u017cy...\" \/>\n<meta property=\"og:url\" content=\"https:\/\/browarbaltow.pl\/blog\/reklamacje\/\" \/>\n<meta property=\"og:site_name\" content=\"Browar Ba\u0142t\u00f3w Blog\" \/>\n<meta property=\"article:modified_time\" content=\"2024-08-21T07:35:59+00:00\" \/>\n<meta name=\"twitter:card\" content=\"summary_large_image\" \/>\n<meta name=\"twitter:label1\" content=\"Szacowany czas czytania\" \/>\n\t<meta name=\"twitter:data1\" content=\"2 minuty\" \/>\n<script type=\"application\/ld+json\" class=\"yoast-schema-graph\">{\"@context\":\"https:\\\/\\\/schema.org\",\"@graph\":[{\"@type\":\"WebPage\",\"@id\":\"https:\\\/\\\/browarbaltow.pl\\\/blog\\\/reklamacje\\\/\",\"url\":\"https:\\\/\\\/browarbaltow.pl\\\/blog\\\/reklamacje\\\/\",\"name\":\"Reklamacje - Browar Ba\u0142t\u00f3w Blog\",\"isPartOf\":{\"@id\":\"https:\\\/\\\/browarbaltow.pl\\\/blog\\\/#website\"},\"datePublished\":\"2024-08-21T07:32:28+00:00\",\"dateModified\":\"2024-08-21T07:35:59+00:00\",\"breadcrumb\":{\"@id\":\"https:\\\/\\\/browarbaltow.pl\\\/blog\\\/reklamacje\\\/#breadcrumb\"},\"inLanguage\":\"pl-PL\",\"potentialAction\":[{\"@type\":\"ReadAction\",\"target\":[\"https:\\\/\\\/browarbaltow.pl\\\/blog\\\/reklamacje\\\/\"]}]},{\"@type\":\"BreadcrumbList\",\"@id\":\"https:\\\/\\\/browarbaltow.pl\\\/blog\\\/reklamacje\\\/#breadcrumb\",\"itemListElement\":[{\"@type\":\"ListItem\",\"position\":1,\"name\":\"Home\",\"item\":\"https:\\\/\\\/browarbaltow.pl\\\/blog\\\/\"},{\"@type\":\"ListItem\",\"position\":2,\"name\":\"Reklamacje\"}]},{\"@type\":\"WebSite\",\"@id\":\"https:\\\/\\\/browarbaltow.pl\\\/blog\\\/#website\",\"url\":\"https:\\\/\\\/browarbaltow.pl\\\/blog\\\/\",\"name\":\"Browar Ba\u0142t\u00f3w Blog\",\"description\":\"\",\"publisher\":{\"@id\":\"https:\\\/\\\/browarbaltow.pl\\\/blog\\\/#organization\"},\"potentialAction\":[{\"@type\":\"SearchAction\",\"target\":{\"@type\":\"EntryPoint\",\"urlTemplate\":\"https:\\\/\\\/browarbaltow.pl\\\/blog\\\/?s={search_term_string}\"},\"query-input\":{\"@type\":\"PropertyValueSpecification\",\"valueRequired\":true,\"valueName\":\"search_term_string\"}}],\"inLanguage\":\"pl-PL\"},{\"@type\":\"Organization\",\"@id\":\"https:\\\/\\\/browarbaltow.pl\\\/blog\\\/#organization\",\"name\":\"Browar Ba\u0142t\u00f3w Blog\",\"url\":\"https:\\\/\\\/browarbaltow.pl\\\/blog\\\/\",\"logo\":{\"@type\":\"ImageObject\",\"inLanguage\":\"pl-PL\",\"@id\":\"https:\\\/\\\/browarbaltow.pl\\\/blog\\\/#\\\/schema\\\/logo\\\/image\\\/\",\"url\":\"https:\\\/\\\/browarbaltow.pl\\\/blog\\\/wp-content\\\/uploads\\\/2022\\\/11\\\/BB_elementy-01.png\",\"contentUrl\":\"https:\\\/\\\/browarbaltow.pl\\\/blog\\\/wp-content\\\/uploads\\\/2022\\\/11\\\/BB_elementy-01.png\",\"width\":1934,\"height\":1692,\"caption\":\"Browar Ba\u0142t\u00f3w Blog\"},\"image\":{\"@id\":\"https:\\\/\\\/browarbaltow.pl\\\/blog\\\/#\\\/schema\\\/logo\\\/image\\\/\"}}]}<\/script>\n<!-- \/ Yoast SEO plugin. -->","yoast_head_json":{"title":"Reklamacje - Browar Ba\u0142t\u00f3w Blog","robots":{"index":"index","follow":"follow","max-snippet":"max-snippet:-1","max-image-preview":"max-image-preview:large","max-video-preview":"max-video-preview:-1"},"canonical":"https:\/\/browarbaltow.pl\/blog\/reklamacje\/","og_locale":"pl_PL","og_type":"article","og_title":"Reklamacje - Browar Ba\u0142t\u00f3w Blog","og_description":"Szanowny Kliencie, Dzi\u0119kujemy za zakup produkt\u00f3w Browaru Ba\u0142t\u00f3w. Z pasj\u0105 i zaanga\u017cowaniem tworzymy piwa rzemie\u015blnicze z najlepszych produkt\u00f3w na rynku. Na ka\u017cdym etapie produkcji przyk\u0142adamy ogromn\u0105 wag\u0119 do kontroli jako\u015bci. Je\u017celi mimo naszych najwi\u0119kszych stara\u0144 nasz produkt nie spe\u0142ni\u0142 Twoich oczekiwa\u0144, prosimy o wype\u0142nienie poni\u017cszego formularza reklamacyjnego. Przypominamy r\u00f3wnie\u017c, \u017ce jako\u015b\u0107 i smak piwa zale\u017cy...","og_url":"https:\/\/browarbaltow.pl\/blog\/reklamacje\/","og_site_name":"Browar Ba\u0142t\u00f3w Blog","article_modified_time":"2024-08-21T07:35:59+00:00","twitter_card":"summary_large_image","twitter_misc":{"Szacowany czas czytania":"2 minuty"},"schema":{"@context":"https:\/\/schema.org","@graph":[{"@type":"WebPage","@id":"https:\/\/browarbaltow.pl\/blog\/reklamacje\/","url":"https:\/\/browarbaltow.pl\/blog\/reklamacje\/","name":"Reklamacje - Browar Ba\u0142t\u00f3w Blog","isPartOf":{"@id":"https:\/\/browarbaltow.pl\/blog\/#website"},"datePublished":"2024-08-21T07:32:28+00:00","dateModified":"2024-08-21T07:35:59+00:00","breadcrumb":{"@id":"https:\/\/browarbaltow.pl\/blog\/reklamacje\/#breadcrumb"},"inLanguage":"pl-PL","potentialAction":[{"@type":"ReadAction","target":["https:\/\/browarbaltow.pl\/blog\/reklamacje\/"]}]},{"@type":"BreadcrumbList","@id":"https:\/\/browarbaltow.pl\/blog\/reklamacje\/#breadcrumb","itemListElement":[{"@type":"ListItem","position":1,"name":"Home","item":"https:\/\/browarbaltow.pl\/blog\/"},{"@type":"ListItem","position":2,"name":"Reklamacje"}]},{"@type":"WebSite","@id":"https:\/\/browarbaltow.pl\/blog\/#website","url":"https:\/\/browarbaltow.pl\/blog\/","name":"Browar Ba\u0142t\u00f3w Blog","description":"","publisher":{"@id":"https:\/\/browarbaltow.pl\/blog\/#organization"},"potentialAction":[{"@type":"SearchAction","target":{"@type":"EntryPoint","urlTemplate":"https:\/\/browarbaltow.pl\/blog\/?s={search_term_string}"},"query-input":{"@type":"PropertyValueSpecification","valueRequired":true,"valueName":"search_term_string"}}],"inLanguage":"pl-PL"},{"@type":"Organization","@id":"https:\/\/browarbaltow.pl\/blog\/#organization","name":"Browar Ba\u0142t\u00f3w Blog","url":"https:\/\/browarbaltow.pl\/blog\/","logo":{"@type":"ImageObject","inLanguage":"pl-PL","@id":"https:\/\/browarbaltow.pl\/blog\/#\/schema\/logo\/image\/","url":"https:\/\/browarbaltow.pl\/blog\/wp-content\/uploads\/2022\/11\/BB_elementy-01.png","contentUrl":"https:\/\/browarbaltow.pl\/blog\/wp-content\/uploads\/2022\/11\/BB_elementy-01.png","width":1934,"height":1692,"caption":"Browar Ba\u0142t\u00f3w Blog"},"image":{"@id":"https:\/\/browarbaltow.pl\/blog\/#\/schema\/logo\/image\/"}}]}},"_links":{"self":[{"href":"https:\/\/browarbaltow.pl\/blog\/wp-json\/wp\/v2\/pages\/904","targetHints":{"allow":["GET"]}}],"collection":[{"href":"https:\/\/browarbaltow.pl\/blog\/wp-json\/wp\/v2\/pages"}],"about":[{"href":"https:\/\/browarbaltow.pl\/blog\/wp-json\/wp\/v2\/types\/page"}],"author":[{"embeddable":true,"href":"https:\/\/browarbaltow.pl\/blog\/wp-json\/wp\/v2\/users\/1"}],"replies":[{"embeddable":true,"href":"https:\/\/browarbaltow.pl\/blog\/wp-json\/wp\/v2\/comments?post=904"}],"version-history":[{"count":8,"href":"https:\/\/browarbaltow.pl\/blog\/wp-json\/wp\/v2\/pages\/904\/revisions"}],"predecessor-version":[{"id":912,"href":"https:\/\/browarbaltow.pl\/blog\/wp-json\/wp\/v2\/pages\/904\/revisions\/912"}],"wp:attachment":[{"href":"https:\/\/browarbaltow.pl\/blog\/wp-json\/wp\/v2\/media?parent=904"}],"curies":[{"name":"wp","href":"https:\/\/api.w.org\/{rel}","templated":true}]}}